{"id":2668,"date":"2020-07-02T13:47:05","date_gmt":"2020-07-02T11:47:05","guid":{"rendered":"https:\/\/ws.co.rs\/ambijentalno-ozvucenje-2\/"},"modified":"2021-03-19T11:12:11","modified_gmt":"2021-03-19T10:12:11","slug":"umgebungsgeraeuschanlage","status":"publish","type":"page","link":"https:\/\/ws.co.rs\/de\/dienstleistungen\/technischer-schutz\/umgebungsgeraeuschanlage\/","title":{"rendered":"Umgebungsger\u00e4uschanlage"},"content":{"rendered":"\t\t<div data-elementor-type=\"wp-page\" data-elementor-id=\"2668\" class=\"elementor elementor-2668 elementor-489\" data-elementor-post-type=\"page\">\n\t\t\t\t\t\t<section class=\"elementor-section elementor-top-section elementor-element elementor-element-2152d73 elementor-section-stretched elementor-section-height-min-height inside elementor-section-items-bottom elementor-section-content-bottom elementor-section-boxed elementor-section-height-default\" data-id=\"2152d73\" data-element_type=\"section\" id=\"showcase\" data-settings=\"{&quot;stretch_section&quot;:&quot;section-stretched&quot;,&quot;background_background&quot;:&quot;gradient&quot;,&quot;shape_divider_bottom&quot;:&quot;tilt&quot;}\">\n\t\t\t\t\t<div class=\"elementor-shape elementor-shape-bottom\" aria-hidden=\"true\" data-negative=\"false\">\n\t\t\t<svg xmlns=\"http:\/\/www.w3.org\/2000\/svg\" viewBox=\"0 0 1000 100\" preserveAspectRatio=\"none\">\n\t<path class=\"elementor-shape-fill\" d=\"M0,6V0h1000v100L0,6z\"\/>\n<\/svg>\t\t<\/div>\n\t\t\t\t\t<div class=\"elementor-container elementor-column-gap-no\">\n\t\t\t\t\t<div class=\"elementor-column elementor-col-100 elementor-top-column elementor-element elementor-element-7b11a104\" data-id=\"7b11a104\" data-element_type=\"column\" data-settings=\"{&quot;background_background&quot;:&quot;classic&quot;}\">\n\t\t\t<div class=\"elementor-widget-wrap elementor-element-populated\">\n\t\t\t\t\t\t<div class=\"elementor-element elementor-element-2500055d elementor-widget elementor-widget-heading\" data-id=\"2500055d\" data-element_type=\"widget\" data-widget_type=\"heading.default\">\n\t\t\t\t<div class=\"elementor-widget-container\">\n\t\t\t\t\t<h1 class=\"elementor-heading-title elementor-size-default\">Umgebungsger\u00e4uschanlage<\/h1>\t\t\t\t<\/div>\n\t\t\t\t<\/div>\n\t\t\t\t<div class=\"elementor-element elementor-element-d0007a1 elementor-widget elementor-widget-text-editor\" data-id=\"d0007a1\" data-element_type=\"widget\" data-widget_type=\"text-editor.default\">\n\t\t\t\t<div class=\"elementor-widget-container\">\n\t\t\t\t\t\t\t\t\t<blockquote><p>&#8222;Mutig und sehr vorsichtig zugleich zu sein, ist die Kunst des Erfolgs.&#8220;<\/p><p>Napoleon<\/p><\/blockquote>\t\t\t\t\t\t\t\t<\/div>\n\t\t\t\t<\/div>\n\t\t\t\t\t<\/div>\n\t\t<\/div>\n\t\t\t\t\t<\/div>\n\t\t<\/section>\n\t\t\t\t<section class=\"elementor-section elementor-top-section elementor-element elementor-element-3f8ee663 pt-big pb-big elementor-section-boxed elementor-section-height-default elementor-section-height-default\" data-id=\"3f8ee663\" data-element_type=\"section\" id=\"info\" data-settings=\"{&quot;background_background&quot;:&quot;classic&quot;,&quot;shape_divider_top&quot;:&quot;tilt&quot;}\">\n\t\t\t\t\t<div class=\"elementor-shape elementor-shape-top\" aria-hidden=\"true\" data-negative=\"false\">\n\t\t\t<svg xmlns=\"http:\/\/www.w3.org\/2000\/svg\" viewBox=\"0 0 1000 100\" preserveAspectRatio=\"none\">\n\t<path class=\"elementor-shape-fill\" d=\"M0,6V0h1000v100L0,6z\"\/>\n<\/svg>\t\t<\/div>\n\t\t\t\t\t<div class=\"elementor-container elementor-column-gap-default\">\n\t\t\t\t\t<div class=\"elementor-column elementor-col-100 elementor-top-column elementor-element elementor-element-2101d189\" data-id=\"2101d189\" data-element_type=\"column\">\n\t\t\t<div class=\"elementor-widget-wrap elementor-element-populated\">\n\t\t\t\t\t\t<div class=\"elementor-element elementor-element-22704367 elementor-widget elementor-widget-text-editor\" data-id=\"22704367\" data-element_type=\"widget\" data-widget_type=\"text-editor.default\">\n\t\t\t\t<div class=\"elementor-widget-container\">\n\t\t\t\t\t\t\t\t\t<h3 style=\"text-align: center;\"><strong>Dass Ihre Nachricht von allen Benutzern Ihrer Einrichtungen deutlich geh\u00f6rt wird.<\/strong><\/h3><p>Beschallungssysteme &#8211; digitale Technologie &#8211; vollst\u00e4ndige Computersteuerung.<\/p><p>Wir garantieren die Qualit\u00e4t der \u00dcbertragung von Audio-Nachrichten.<\/p><p>Zus\u00e4tzliche M\u00f6glichkeiten, Integration mit anderen Systemen in alle Arten von Objekten.<\/p><p>Verbindung mit einem Netzwerk von optischen Kabeln &#8211; garantiert h\u00f6chste Klangqualit\u00e4t auch bei der \u00dcbertragung von Signalen \u00fcber gro\u00dfe Entfernungen.<\/p><h5><strong>F\u00fcr alle Arten der Tonwiedergabe<\/strong><\/h5><p>Beschallungssysteme sind f\u00fcr Soundsysteme gro\u00dfer R\u00e4ume gedacht. Sie werden in Einkaufszentren, Verbraucherm\u00e4rkten, Krankenh\u00e4usern, Flugh\u00e4fen, Industrieanlagen, Beh\u00f6rden und zahlreichen anderen Institutionen eingesetzt, um gleichzeitig eine gro\u00dfe Anzahl von Besuchern anzusprechen, aber auch um Musik und Werbeklingeln zu spielen.<\/p><p>Wir bieten Ihnen PA-L\u00f6sungen, die aus Lautsprechern, Verst\u00e4rkern, Mischpulten, Playern, Mikrofonen und anderen Audiokomponenten h\u00f6chster Qualit\u00e4t der weltweit f\u00fchrenden Hersteller bestehen. Unsere Beschallungssysteme sind flexibel und erm\u00f6glichen die Live-Adressierung \u00fcber Mikrofone sowie die Wiedergabe von aufgezeichnetem Material \u00fcber einen CD \/ DVD-Player, einen FM-Tuner und verschiedene Multimedia-Player.<\/p><h5><strong>Integration f\u00fcr ein effektives Incident Management<\/strong><\/h5><p>Neben der Grundfunktion, der Ausstrahlung von Unterhaltungsinhalten und verschiedenen gelegentlichen Benachrichtigungen ist die M\u00f6glichkeit der Integration des Beschallungssystems in andere Sicherheitssysteme wie das Branderkennungs- und Alarmsystem sehr wichtig, um eine rechtzeitige Warnung und Evakuierung des Personals zu gew\u00e4hrleisten Fall eines Vorfalls. Besucher.<\/p><p>Hierzu m\u00fcssen zus\u00e4tzliche Bedingungen bereitgestellt werden, die die Zuverl\u00e4ssigkeit und Verf\u00fcgbarkeit des Systems gew\u00e4hrleisten. Dazu geh\u00f6ren eine st\u00e4ndige \u00dcberwachung, ein Zusatzverst\u00e4rker, eine st\u00e4ndige \u00dcberwachung der Verbindung zu den Lautsprechern, ein digitales Nachrichtenmanagement und ein Anschluss f\u00fcr die Verbindung zur Feuerwehr .<\/p>\t\t\t\t\t\t\t\t<\/div>\n\t\t\t\t<\/div>\n\t\t\t\t<div class=\"elementor-element elementor-element-44b1963 elementor-align-center elementor-widget elementor-widget-button\" data-id=\"44b1963\" data-element_type=\"widget\" data-widget_type=\"button.default\">\n\t\t\t\t<div class=\"elementor-widget-container\">\n\t\t\t\t\t\t\t\t\t<div class=\"elementor-button-wrapper\">\n\t\t\t\t\t<a class=\"elementor-button elementor-button-link elementor-size-lg\" href=\"https:\/\/ws.co.rs\/de\/fragebogen\/ambient-sound-system\/\">\n\t\t\t\t\t\t<span class=\"elementor-button-content-wrapper\">\n\t\t\t\t\t\t<span class=\"elementor-button-icon\">\n\t\t\t\t<i aria-hidden=\"true\" class=\"fas fa-chevron-right\"><\/i>\t\t\t<\/span>\n\t\t\t\t\t\t\t\t\t<span class=\"elementor-button-text\">Eine Anfrage f\u00fcr ein Angebot<\/span>\n\t\t\t\t\t<\/span>\n\t\t\t\t\t<\/a>\n\t\t\t\t<\/div>\n\t\t\t\t\t\t\t\t<\/div>\n\t\t\t\t<\/div>\n\t\t\t\t\t<\/div>\n\t\t<\/div>\n\t\t\t\t\t<\/div>\n\t\t<\/section>\n\t\t\t\t<\/div>\n\t\t","protected":false},"excerpt":{"rendered":"<p>&#8222;Mutig und sehr vorsichtig zugleich zu sein, ist die Kunst des Erfolgs.&#8220; Napoleon Dass Ihre Nachricht von allen Benutzern Ihrer Einrichtungen deutlich geh\u00f6rt wird. Beschallungssysteme &#8211; digitale Technologie &#8211; vollst\u00e4ndige Computersteuerung. Wir garantieren die Qualit\u00e4t der \u00dcbertragung von Audio-Nachrichten. Zus\u00e4tzliche M\u00f6glichkeiten, Integration mit anderen Systemen in alle Arten von Objekten. Verbindung mit einem Netzwerk von [&hellip;]<\/p>\n","protected":false},"author":1,"featured_media":0,"parent":3200,"menu_order":0,"comment_status":"closed","ping_status":"closed","template":"","meta":{"footnotes":""},"class_list":["post-2668","page","type-page","status-publish","hentry"],"aioseo_notices":[],"_links":{"self":[{"href":"https:\/\/ws.co.rs\/de\/wp-json\/wp\/v2\/pages\/2668","targetHints":{"allow":["GET"]}}],"collection":[{"href":"https:\/\/ws.co.rs\/de\/wp-json\/wp\/v2\/pages"}],"about":[{"href":"https:\/\/ws.co.rs\/de\/wp-json\/wp\/v2\/types\/page"}],"author":[{"embeddable":true,"href":"https:\/\/ws.co.rs\/de\/wp-json\/wp\/v2\/users\/1"}],"replies":[{"embeddable":true,"href":"https:\/\/ws.co.rs\/de\/wp-json\/wp\/v2\/comments?post=2668"}],"version-history":[{"count":5,"href":"https:\/\/ws.co.rs\/de\/wp-json\/wp\/v2\/pages\/2668\/revisions"}],"predecessor-version":[{"id":6489,"href":"https:\/\/ws.co.rs\/de\/wp-json\/wp\/v2\/pages\/2668\/revisions\/6489"}],"up":[{"embeddable":true,"href":"https:\/\/ws.co.rs\/de\/wp-json\/wp\/v2\/pages\/3200"}],"wp:attachment":[{"href":"https:\/\/ws.co.rs\/de\/wp-json\/wp\/v2\/media?parent=2668"}],"curies":[{"name":"wp","href":"https:\/\/api.w.org\/{rel}","templated":true}]}}