{"id":2548,"date":"2020-09-18T15:24:01","date_gmt":"2020-09-18T13:24:01","guid":{"rendered":"https:\/\/ws.co.rs\/fizicka-zastita\/"},"modified":"2021-02-19T12:14:48","modified_gmt":"2021-02-19T11:14:48","slug":"koerperschutz","status":"publish","type":"page","link":"https:\/\/ws.co.rs\/de\/fragebogen\/koerperschutz\/","title":{"rendered":"Fragebogen &#8211; K\u00f6rperschutz"},"content":{"rendered":"\t\t<div data-elementor-type=\"wp-page\" data-elementor-id=\"2548\" class=\"elementor elementor-2548 elementor-1733\" data-elementor-post-type=\"page\">\n\t\t\t\t\t\t<section class=\"elementor-section elementor-top-section elementor-element elementor-element-5793fedb elementor-section-stretched elementor-section-height-min-height blank elementor-section-items-bottom elementor-section-content-bottom elementor-section-boxed elementor-section-height-default\" data-id=\"5793fedb\" data-element_type=\"section\" id=\"showcase\" data-settings=\"{&quot;stretch_section&quot;:&quot;section-stretched&quot;,&quot;background_background&quot;:&quot;classic&quot;}\">\n\t\t\t\t\t\t<div class=\"elementor-container elementor-column-gap-no\">\n\t\t\t\t\t<div class=\"elementor-column elementor-col-100 elementor-top-column elementor-element elementor-element-253026f6\" data-id=\"253026f6\" data-element_type=\"column\" data-settings=\"{&quot;background_background&quot;:&quot;classic&quot;}\">\n\t\t\t<div class=\"elementor-widget-wrap elementor-element-populated\">\n\t\t\t\t\t\t<div class=\"elementor-element elementor-element-76de83ca elementor-widget elementor-widget-heading\" data-id=\"76de83ca\" data-element_type=\"widget\" data-widget_type=\"heading.default\">\n\t\t\t\t<div class=\"elementor-widget-container\">\n\t\t\t\t\t<h1 class=\"elementor-heading-title elementor-size-default\">Fragebogen &#8211; K\u00f6rperschutz<\/h1>\t\t\t\t<\/div>\n\t\t\t\t<\/div>\n\t\t\t\t<div class=\"elementor-element elementor-element-16df7553 elementor-widget elementor-widget-text-editor\" data-id=\"16df7553\" data-element_type=\"widget\" data-widget_type=\"text-editor.default\">\n\t\t\t\t<div class=\"elementor-widget-container\">\n\t\t\t\t\t\t\t\t\t<p>Sehr geehrte Benutzer, geben Sie Ihre Kontaktdaten ein und einige unserer Manager werden sich mit Ihnen in Verbindung setzen, um Ihre Anfrage zu spezifizieren.<\/p>\t\t\t\t\t\t\t\t<\/div>\n\t\t\t\t<\/div>\n\t\t\t\t\t<\/div>\n\t\t<\/div>\n\t\t\t\t\t<\/div>\n\t\t<\/section>\n\t\t\t\t<section class=\"elementor-section elementor-top-section elementor-element elementor-element-518a632 elementor-section-boxed elementor-section-height-default elementor-section-height-default\" data-id=\"518a632\" data-element_type=\"section\" id=\"questionaire\" data-settings=\"{&quot;shape_divider_top&quot;:&quot;tilt&quot;}\">\n\t\t\t\t\t<div class=\"elementor-shape elementor-shape-top\" aria-hidden=\"true\" data-negative=\"false\">\n\t\t\t<svg xmlns=\"http:\/\/www.w3.org\/2000\/svg\" viewBox=\"0 0 1000 100\" preserveAspectRatio=\"none\">\n\t<path class=\"elementor-shape-fill\" d=\"M0,6V0h1000v100L0,6z\"\/>\n<\/svg>\t\t<\/div>\n\t\t\t\t\t<div class=\"elementor-container elementor-column-gap-default\">\n\t\t\t\t\t<div class=\"elementor-column elementor-col-100 elementor-top-column elementor-element elementor-element-66a89426\" data-id=\"66a89426\" data-element_type=\"column\">\n\t\t\t<div class=\"elementor-widget-wrap elementor-element-populated\">\n\t\t\t\t\t\t<div class=\"elementor-element elementor-element-786aceef elementor-button-align-center elementor-widget elementor-widget-form\" data-id=\"786aceef\" data-element_type=\"widget\" data-settings=\"{&quot;step_next_label&quot;:&quot;Mach weiter&quot;,&quot;step_previous_label&quot;:&quot;Komm zur\\u00fcck&quot;,&quot;step_type&quot;:&quot;icon_text&quot;,&quot;button_width&quot;:&quot;100&quot;,&quot;step_icon_shape&quot;:&quot;circle&quot;}\" data-widget_type=\"form.default\">\n\t\t\t\t<div class=\"elementor-widget-container\">\n\t\t\t\t\t\t\t<form class=\"elementor-form\" method=\"post\" name=\"New Form\" aria-label=\"New Form\">\n\t\t\t<input type=\"hidden\" name=\"post_id\" value=\"2548\"\/>\n\t\t\t<input type=\"hidden\" name=\"form_id\" value=\"786aceef\"\/>\n\t\t\t<input type=\"hidden\" name=\"referer_title\" value=\"Fragebogen \u2013 K\u00f6rperschutz | Watchout Security\" \/>\n\n\t\t\t\t\t\t\t<input type=\"hidden\" name=\"queried_id\" value=\"2548\"\/>\n\t\t\t\n\t\t\t<div class=\"elementor-form-fields-wrapper elementor-labels-\">\n\t\t\t\t\t\t\t\t<div class=\"elementor-field-type-step elementor-field-group elementor-column elementor-field-group-field_6a84009 elementor-col-100\">\n\t\t\t\t\t\t\t<div class=\"e-field-step elementor-hidden\" data-label=\"Schritt I\" data-previousButton=\"Komm zur\u00fcck\" data-nextButton=\"Mach weiter\" data-iconUrl=\"\" data-iconLibrary=\"fas fa-info\" data-icon=\"\" ><\/div>\n\n\t\t\t\t\t\t<\/div>\n\t\t\t\t\t\t\t\t<div class=\"elementor-field-type-text elementor-field-group elementor-column elementor-field-group-name elementor-col-50 elementor-field-required\">\n\t\t\t\t\t\t\t\t\t\t\t\t<label for=\"form-field-name\" class=\"elementor-field-label elementor-screen-only\">\n\t\t\t\t\t\t\t\tName\t\t\t\t\t\t\t<\/label>\n\t\t\t\t\t\t\t\t\t\t\t\t\t\t<input size=\"1\" type=\"text\" name=\"form_fields[name]\" id=\"form-field-name\" class=\"elementor-field elementor-size-sm  elementor-field-textual\" placeholder=\"Vor- und Nachname \/ Name der Organisation\" required=\"required\">\n\t\t\t\t\t\t\t\t\t\t\t<\/div>\n\t\t\t\t\t\t\t\t<div class=\"elementor-field-type-email elementor-field-group elementor-column elementor-field-group-email elementor-col-50 elementor-field-required\">\n\t\t\t\t\t\t\t\t\t\t\t\t<label for=\"form-field-email\" class=\"elementor-field-label elementor-screen-only\">\n\t\t\t\t\t\t\t\tEmail\t\t\t\t\t\t\t<\/label>\n\t\t\t\t\t\t\t\t\t\t\t\t\t\t<input size=\"1\" type=\"email\" name=\"form_fields[email]\" id=\"form-field-email\" class=\"elementor-field elementor-size-sm  elementor-field-textual\" placeholder=\"E-mail adresse\" required=\"required\">\n\t\t\t\t\t\t\t\t\t\t\t<\/div>\n\t\t\t\t\t\t\t\t<div class=\"elementor-field-type-text elementor-field-group elementor-column elementor-field-group-phone elementor-col-50 elementor-field-required\">\n\t\t\t\t\t\t\t\t\t\t\t\t<label for=\"form-field-phone\" class=\"elementor-field-label elementor-screen-only\">\n\t\t\t\t\t\t\t\tPhone\t\t\t\t\t\t\t<\/label>\n\t\t\t\t\t\t\t\t\t\t\t\t\t\t<input size=\"1\" type=\"text\" name=\"form_fields[phone]\" id=\"form-field-phone\" class=\"elementor-field elementor-size-sm  elementor-field-textual\" placeholder=\"Telefon\" required=\"required\">\n\t\t\t\t\t\t\t\t\t\t\t<\/div>\n\t\t\t\t\t\t\t\t<div class=\"elementor-field-type-text elementor-field-group elementor-column elementor-field-group-address elementor-col-50\">\n\t\t\t\t\t\t\t\t\t\t\t\t<label for=\"form-field-address\" class=\"elementor-field-label elementor-screen-only\">\n\t\t\t\t\t\t\t\tAddress\t\t\t\t\t\t\t<\/label>\n\t\t\t\t\t\t\t\t\t\t\t\t\t\t<input size=\"1\" type=\"text\" name=\"form_fields[address]\" id=\"form-field-address\" class=\"elementor-field elementor-size-sm  elementor-field-textual\" placeholder=\"Adresse\">\n\t\t\t\t\t\t\t\t\t\t\t<\/div>\n\t\t\t\t\t\t\t\t<div class=\"elementor-field-type-textarea elementor-field-group elementor-column elementor-field-group-message elementor-col-100\">\n\t\t\t\t\t\t\t\t\t\t\t\t<label for=\"form-field-message\" class=\"elementor-field-label elementor-screen-only\">\n\t\t\t\t\t\t\t\tMessage\t\t\t\t\t\t\t<\/label>\n\t\t\t\t\t\t<textarea class=\"elementor-field-textual elementor-field  elementor-size-sm\" name=\"form_fields[message]\" id=\"form-field-message\" rows=\"4\" placeholder=\"Kommentar\"><\/textarea>\t\t\t\t<\/div>\n\t\t\t\t\t\t\t\t<div class=\"elementor-field-type-html elementor-field-group elementor-column elementor-field-group-field_95c17cc elementor-col-100\">\n\t\t\t\t\tBen\u00f6tigen Sie gesetzlich vorgeschriebene Unterlagen?\t\t\t\t<\/div>\n\t\t\t\t\t\t\t\t<div class=\"elementor-field-type-checkbox elementor-field-group elementor-column elementor-field-group-documentation elementor-col-100\">\n\t\t\t\t\t\t\t\t\t\t\t\t<label for=\"form-field-documentation\" class=\"elementor-field-label elementor-screen-only\">\n\t\t\t\t\t\t\t\tDa li Vam je potrebna Zakonom obavezna dokumentacija?\t\t\t\t\t\t\t<\/label>\n\t\t\t\t\t\t<div class=\"elementor-field-subgroup  \"><span class=\"elementor-field-option\"><input type=\"checkbox\" value=\"Gesetz zur Risikobewertung zum Schutz von Personen, Eigentum und Unternehmen\" id=\"form-field-documentation-0\" name=\"form_fields[documentation][]\"> <label for=\"form-field-documentation-0\">Gesetz zur Risikobewertung zum Schutz von Personen, Eigentum und Unternehmen<\/label><\/span><span class=\"elementor-field-option\"><input type=\"checkbox\" value=\"Technischer Schutzsystemplan\" id=\"form-field-documentation-1\" name=\"form_fields[documentation][]\"> <label for=\"form-field-documentation-1\">Technischer Schutzsystemplan<\/label><\/span><span class=\"elementor-field-option\"><input type=\"checkbox\" value=\"Abgeleitetes Zustandsprojekt\" id=\"form-field-documentation-2\" name=\"form_fields[documentation][]\"> <label for=\"form-field-documentation-2\">Abgeleitetes Zustandsprojekt<\/label><\/span><\/div>\t\t\t\t<\/div>\n\t\t\t\t\t\t\t\t<div class=\"elementor-field-type-step elementor-field-group elementor-column elementor-field-group-field_a304e48 elementor-col-100\">\n\t\t\t\t\t\t\t<div class=\"e-field-step elementor-hidden\" data-label=\"Schritt II\" data-previousButton=\"Komm zur\u00fcck\" data-nextButton=\"Mach weiter\" data-iconUrl=\"\" data-iconLibrary=\"far fa-building\" data-icon=\"\" ><\/div>\n\n\t\t\t\t\t\t<\/div>\n\t\t\t\t\t\t\t\t<div class=\"elementor-field-type-html elementor-field-group elementor-column elementor-field-group-field_a65be2a elementor-col-100\">\n\t\t\t\t\tDaten zum gesch\u00fctzten Objekt:\t\t\t\t<\/div>\n\t\t\t\t\t\t\t\t<div class=\"elementor-field-type-checkbox elementor-field-group elementor-column elementor-field-group-obejctdata elementor-col-100\">\n\t\t\t\t\t\t\t\t\t\t\t\t<label for=\"form-field-obejctdata\" class=\"elementor-field-label elementor-screen-only\">\n\t\t\t\t\t\t\t\tPodaci o objektu\t\t\t\t\t\t\t<\/label>\n\t\t\t\t\t\t<div class=\"elementor-field-subgroup  elementor-subgroup-inline\"><span class=\"elementor-field-option\"><input type=\"checkbox\" value=\"Produktionshalle\" id=\"form-field-obejctdata-0\" name=\"form_fields[obejctdata][]\"> <label for=\"form-field-obejctdata-0\">Produktionshalle<\/label><\/span><span class=\"elementor-field-option\"><input type=\"checkbox\" value=\"Freifl\u00e4che\" id=\"form-field-obejctdata-1\" name=\"form_fields[obejctdata][]\"> <label for=\"form-field-obejctdata-1\">Freifl\u00e4che<\/label><\/span><span class=\"elementor-field-option\"><input type=\"checkbox\" value=\"Gesch\u00e4ftsraum\" id=\"form-field-obejctdata-2\" name=\"form_fields[obejctdata][]\"> <label for=\"form-field-obejctdata-2\">Gesch\u00e4ftsraum<\/label><\/span><span class=\"elementor-field-option\"><input type=\"checkbox\" value=\"Baustelle\" id=\"form-field-obejctdata-3\" name=\"form_fields[obejctdata][]\"> <label for=\"form-field-obejctdata-3\">Baustelle<\/label><\/span><span class=\"elementor-field-option\"><input type=\"checkbox\" value=\"Geb\u00e4ude im Bau\" id=\"form-field-obejctdata-4\" name=\"form_fields[obejctdata][]\"> <label for=\"form-field-obejctdata-4\">Geb\u00e4ude im Bau<\/label><\/span><\/div>\t\t\t\t<\/div>\n\t\t\t\t\t\t\t\t<div class=\"elementor-field-type-text elementor-field-group elementor-column elementor-field-group-floor elementor-col-50\">\n\t\t\t\t\t\t\t\t\t\t\t\t<label for=\"form-field-floor\" class=\"elementor-field-label elementor-screen-only\">\n\t\t\t\t\t\t\t\tFloor\t\t\t\t\t\t\t<\/label>\n\t\t\t\t\t\t\t\t\t\t\t\t\t\t<input size=\"1\" type=\"text\" name=\"form_fields[floor]\" id=\"form-field-floor\" class=\"elementor-field elementor-size-sm  elementor-field-textual\" placeholder=\"Anzahl der Sicherheitsbeauftragten in der Schicht?\">\n\t\t\t\t\t\t\t\t\t\t\t<\/div>\n\t\t\t\t\t\t\t\t<div class=\"elementor-field-type-text elementor-field-group elementor-column elementor-field-group-area elementor-col-50\">\n\t\t\t\t\t\t\t\t\t\t\t\t<label for=\"form-field-area\" class=\"elementor-field-label elementor-screen-only\">\n\t\t\t\t\t\t\t\tArea\t\t\t\t\t\t\t<\/label>\n\t\t\t\t\t\t\t\t\t\t\t\t\t\t<input size=\"1\" type=\"text\" name=\"form_fields[area]\" id=\"form-field-area\" class=\"elementor-field elementor-size-sm  elementor-field-textual\" placeholder=\"Service-Lieferzeit?\">\n\t\t\t\t\t\t\t\t\t\t\t<\/div>\n\t\t\t\t\t\t\t\t<div class=\"elementor-field-type-textarea elementor-field-group elementor-column elementor-field-group-specific elementor-col-100\">\n\t\t\t\t\t\t\t\t\t\t\t\t<label for=\"form-field-specific\" class=\"elementor-field-label elementor-screen-only\">\n\t\t\t\t\t\t\t\tSpecific\t\t\t\t\t\t\t<\/label>\n\t\t\t\t\t\t<textarea class=\"elementor-field-textual elementor-field  elementor-size-sm\" name=\"form_fields[specific]\" id=\"form-field-specific\" rows=\"4\" placeholder=\"Orte, die das Objekt sch\u00fctzen (Ort, Stra\u00dfe und Nummer, ......)?\"><\/textarea>\t\t\t\t<\/div>\n\t\t\t\t\t\t\t\t<div class=\"elementor-field-type-step elementor-field-group elementor-column elementor-field-group-field_dcb72bf elementor-col-100\">\n\t\t\t\t\t\t\t<div class=\"e-field-step elementor-hidden\" data-label=\"Schritt III\" data-previousButton=\"Komm zur\u00fcck\" data-nextButton=\"Senden Sie eine Anfrage\" data-iconUrl=\"\" data-iconLibrary=\"fas fa-check\" data-icon=\"\" ><\/div>\n\n\t\t\t\t\t\t<\/div>\n\t\t\t\t\t\t\t\t<div class=\"elementor-field-type-html elementor-field-group elementor-column elementor-field-group-field_5f46bb7 elementor-col-100\">\n\t\t\t\t\tWenn ein Polizeidienst ben\u00f6tigt wird?\t\t\t\t<\/div>\n\t\t\t\t\t\t\t\t<div class=\"elementor-field-type-text elementor-field-group elementor-column elementor-field-group-camera elementor-col-33\">\n\t\t\t\t\t\t\t\t\t\t\t\t<label for=\"form-field-camera\" class=\"elementor-field-label elementor-screen-only\">\n\t\t\t\t\t\t\t\tCamera\t\t\t\t\t\t\t<\/label>\n\t\t\t\t\t\t\t\t\t\t\t\t\t\t<input size=\"1\" type=\"text\" name=\"form_fields[camera]\" id=\"form-field-camera\" class=\"elementor-field elementor-size-sm  elementor-field-textual\" placeholder=\"Gew\u00fcnschte Anzahl von Kameras?\">\n\t\t\t\t\t\t\t\t\t\t\t<\/div>\n\t\t\t\t\t\t\t\t<div class=\"elementor-field-type-text elementor-field-group elementor-column elementor-field-group-insidecamera elementor-col-33\">\n\t\t\t\t\t\t\t\t\t\t\t\t<label for=\"form-field-insidecamera\" class=\"elementor-field-label elementor-screen-only\">\n\t\t\t\t\t\t\t\tInside camera\t\t\t\t\t\t\t<\/label>\n\t\t\t\t\t\t\t\t\t\t\t\t\t\t<input size=\"1\" type=\"text\" name=\"form_fields[insidecamera]\" id=\"form-field-insidecamera\" class=\"elementor-field elementor-size-sm  elementor-field-textual\" placeholder=\"Datum der Veranstaltung?\">\n\t\t\t\t\t\t\t\t\t\t\t<\/div>\n\t\t\t\t\t\t\t\t<div class=\"elementor-field-type-text elementor-field-group elementor-column elementor-field-group-outsidecamera elementor-col-33\">\n\t\t\t\t\t\t\t\t\t\t\t\t<label for=\"form-field-outsidecamera\" class=\"elementor-field-label elementor-screen-only\">\n\t\t\t\t\t\t\t\tOutside camera\t\t\t\t\t\t\t<\/label>\n\t\t\t\t\t\t\t\t\t\t\t\t\t\t<input size=\"1\" type=\"text\" name=\"form_fields[outsidecamera]\" id=\"form-field-outsidecamera\" class=\"elementor-field elementor-size-sm  elementor-field-textual\" placeholder=\"Veranstaltungsort (n\u00e4here Beschreibung zB Platz, Sporthalle, Stadion, Halle .......)?\">\n\t\t\t\t\t\t\t\t\t\t\t<\/div>\n\t\t\t\t\t\t\t\t<div class=\"elementor-field-type-textarea elementor-field-group elementor-column elementor-field-group-field_e288362 elementor-col-100\">\n\t\t\t\t\t\t\t\t\t\t\t\t<label for=\"form-field-field_e288362\" class=\"elementor-field-label elementor-screen-only\">\n\t\t\t\t\t\t\t\tNotice\t\t\t\t\t\t\t<\/label>\n\t\t\t\t\t\t<textarea class=\"elementor-field-textual elementor-field  elementor-size-sm\" name=\"form_fields[field_e288362]\" id=\"form-field-field_e288362\" rows=\"4\" placeholder=\"Zeitpunkt der Erbringung des Polizeidienstes. Wenn der Benutzer einen dauerhafteren Vertrag w\u00fcnscht, geben Sie die ungef\u00e4hre Anzahl der Veranstaltungen pro Jahr, die \u00f6ffentliche Versammlung f\u00fcr die B\u00fcrger, die Sportveranstaltung (Veranstaltung), das Kultur-, Unterhaltungs-, Musikprogramm usw. an\"><\/textarea>\t\t\t\t<\/div>\n\t\t\t\t\t\t\t\t<div class=\"elementor-field-type-html elementor-field-group elementor-column elementor-field-group-field_619f09f elementor-col-100\">\n\t\t\t\t\tBen\u00f6tigen Sie einen Interventionsservice durch ein Interventionsteam?\t\t\t\t<\/div>\n\t\t\t\t\t\t\t\t<div class=\"elementor-field-type-radio elementor-field-group elementor-column elementor-field-group-field_955d562 elementor-col-100\">\n\t\t\t\t\t\t\t\t\t\t\t\t<label for=\"form-field-field_955d562\" class=\"elementor-field-label elementor-screen-only\">\n\t\t\t\t\t\t\t\tDa li Vam je potrebna usluga intervencije od strane interventnog tima?\t\t\t\t\t\t\t<\/label>\n\t\t\t\t\t\t<div class=\"elementor-field-subgroup  \"><span class=\"elementor-field-option\"><input type=\"radio\" value=\"Ja\" id=\"form-field-field_955d562-0\" name=\"form_fields[field_955d562]\"> <label for=\"form-field-field_955d562-0\">Ja<\/label><\/span><span class=\"elementor-field-option\"><input type=\"radio\" value=\"Nicht\" id=\"form-field-field_955d562-1\" name=\"form_fields[field_955d562]\"> <label for=\"form-field-field_955d562-1\">Nicht<\/label><\/span><\/div>\t\t\t\t<\/div>\n\t\t\t\t\t\t\t\t<div class=\"elementor-field-group elementor-column elementor-field-type-submit elementor-col-100 e-form__buttons\">\n\t\t\t\t\t<button class=\"elementor-button elementor-size-sm\" type=\"submit\">\n\t\t\t\t\t\t<span class=\"elementor-button-content-wrapper\">\n\t\t\t\t\t\t\t\t\t\t\t\t\t\t\t<span class=\"elementor-button-icon\">\n\t\t\t\t\t\t\t\t\t<i aria-hidden=\"true\" class=\"fas fa-chevron-right\"><\/i>\t\t\t\t\t\t\t\t\t\t\t\t\t\t\t\t\t<\/span>\n\t\t\t\t\t\t\t\t\t\t\t\t\t\t\t\t\t\t\t\t\t\t<span class=\"elementor-button-text\">Senden Sie eine Anfrage<\/span>\n\t\t\t\t\t\t\t\t\t\t\t\t\t<\/span>\n\t\t\t\t\t<\/button>\n\t\t\t\t<\/div>\n\t\t\t<\/div>\n\t\t<\/form>\n\t\t\t\t\t\t<\/div>\n\t\t\t\t<\/div>\n\t\t\t\t\t<\/div>\n\t\t<\/div>\n\t\t\t\t\t<\/div>\n\t\t<\/section>\n\t\t\t\t<\/div>\n\t\t","protected":false},"excerpt":{"rendered":"<p>Sehr geehrte Benutzer, geben Sie Ihre Kontaktdaten ein und einige unserer Manager werden sich mit Ihnen in Verbindung setzen, um Ihre Anfrage zu spezifizieren.<\/p>\n","protected":false},"author":1,"featured_media":0,"parent":2742,"menu_order":0,"comment_status":"closed","ping_status":"closed","template":"","meta":{"footnotes":""},"class_list":["post-2548","page","type-page","status-publish","hentry"],"aioseo_notices":[],"_links":{"self":[{"href":"https:\/\/ws.co.rs\/de\/wp-json\/wp\/v2\/pages\/2548","targetHints":{"allow":["GET"]}}],"collection":[{"href":"https:\/\/ws.co.rs\/de\/wp-json\/wp\/v2\/pages"}],"about":[{"href":"https:\/\/ws.co.rs\/de\/wp-json\/wp\/v2\/types\/page"}],"author":[{"embeddable":true,"href":"https:\/\/ws.co.rs\/de\/wp-json\/wp\/v2\/users\/1"}],"replies":[{"embeddable":true,"href":"https:\/\/ws.co.rs\/de\/wp-json\/wp\/v2\/comments?post=2548"}],"version-history":[{"count":5,"href":"https:\/\/ws.co.rs\/de\/wp-json\/wp\/v2\/pages\/2548\/revisions"}],"predecessor-version":[{"id":6274,"href":"https:\/\/ws.co.rs\/de\/wp-json\/wp\/v2\/pages\/2548\/revisions\/6274"}],"up":[{"embeddable":true,"href":"https:\/\/ws.co.rs\/de\/wp-json\/wp\/v2\/pages\/2742"}],"wp:attachment":[{"href":"https:\/\/ws.co.rs\/de\/wp-json\/wp\/v2\/media?parent=2548"}],"curies":[{"name":"wp","href":"https:\/\/api.w.org\/{rel}","templated":true}]}}